{"id":60,"date":"2018-01-11T15:08:13","date_gmt":"2018-01-11T14:08:13","guid":{"rendered":"http:\/\/jenspenz.de\/?page_id=60"},"modified":"2019-09-02T18:19:00","modified_gmt":"2019-09-02T16:19:00","slug":"leistungen","status":"publish","type":"page","link":"https:\/\/jenspenz.de\/?page_id=60","title":{"rendered":"LEISTUNG"},"content":{"rendered":"<p align=\"justify\"><strong>EDV-Komplettservice:<\/strong><\/p>\n<p class=\"clear\" align=\"justify\">Das bedeutet komplette Betreuung rund im Ihre EDV mit nur einem Ansprechpartner. Mit unserem gro\u00dfen Partner- und Spezialisten-Netzwerk sind wir in der Lage, Ihnen nicht nur \u00e4u\u00dferst schnelle Reaktionszeiten sondern auch die gr\u00f6\u00dftm\u00f6gliche Kompetenz zu bieten.<\/p>\n<p class=\"clear\" align=\"justify\">Sie planen ein umfangreiches IT-Projekt und suchen noch nach der optimal auf Ihr Unternehmen abgestimmten L\u00f6sung? Auf Basis unseres umfangreichen\u00a0Know-how unterst\u00fctzen wir Sie gerne w\u00e4hrend des gesamten Projektverlaufs \u2013 von der Planung bis zum lauffertigen System. Aus zahllosen erfolgreichen Projekten wissen wir, wie wichtig es dabei ist, die vorhandene IT-Infrastruktur und Ihre Gesch\u00e4ftsabl\u00e4ufe detailliert in die Planung einzubeziehen. Auf dieser Basis beraten wir Sie umfassend und w\u00e4hlen dann gemeinsam mit Ihnen die optimal geeigneten Technologien und Vorgehensmodelle aus.<\/p>\n","protected":false},"excerpt":{"rendered":"<p>EDV-Komplettservice: Das bedeutet komplette Betreuung rund im Ihre EDV mit nur einem Ansprechpartner. Mit unserem gro\u00dfen Partner- und Spezialisten-Netzwerk sind wir in der Lage, Ihnen nicht nur \u00e4u\u00dferst schnelle Reaktionszeiten sondern auch die gr\u00f6\u00dftm\u00f6gliche Kompetenz zu bieten. Sie planen ein umfangreiches IT-Projekt und suchen noch nach der optimal auf Ihr Unternehmen abgestimmten L\u00f6sung? Auf Basis &hellip; <\/p>\n<p class=\"link-more\"><a href=\"https:\/\/jenspenz.de\/?page_id=60\" class=\"more-link\"><span class=\"screen-reader-text\">\u201eLEISTUNG\u201c <\/span>weiterlesen<\/a><\/p>\n","protected":false},"author":1,"featured_media":127,"parent":0,"menu_order":0,"comment_status":"closed","ping_status":"closed","template":"","meta":[],"yoast_head":"<!-- This site is optimized with the Yoast SEO plugin v19.13 - https:\/\/yoast.com\/wordpress\/plugins\/seo\/ -->\n<title>LEISTUNG - Jens Penz IT-SERVICE<\/title>\n<meta name=\"robots\" content=\"index, follow, max-snippet:-1, max-image-preview:large, max-video-preview:-1\" \/>\n<link rel=\"canonical\" href=\"https:\/\/jenspenz.de\/?page_id=60\" \/>\n<meta property=\"og:locale\" content=\"de_DE\" \/>\n<meta property=\"og:type\" content=\"article\" \/>\n<meta property=\"og:title\" content=\"LEISTUNG - Jens Penz IT-SERVICE\" \/>\n<meta property=\"og:description\" content=\"EDV-Komplettservice: Das bedeutet komplette Betreuung rund im Ihre EDV mit nur einem Ansprechpartner. Mit unserem gro\u00dfen Partner- und Spezialisten-Netzwerk sind wir in der Lage, Ihnen nicht nur \u00e4u\u00dferst schnelle Reaktionszeiten sondern auch die gr\u00f6\u00dftm\u00f6gliche Kompetenz zu bieten. Sie planen ein umfangreiches IT-Projekt und suchen noch nach der optimal auf Ihr Unternehmen abgestimmten L\u00f6sung? Auf Basis &hellip; \u201eLEISTUNG\u201c weiterlesen\" \/>\n<meta property=\"og:url\" content=\"https:\/\/jenspenz.de\/?page_id=60\" \/>\n<meta property=\"og:site_name\" content=\"Jens Penz IT-SERVICE\" \/>\n<meta property=\"article:modified_time\" content=\"2019-09-02T16:19:00+00:00\" \/>\n<meta property=\"og:image\" content=\"https:\/\/jenspenz.de\/wp-content\/uploads\/2019\/09\/Leistungen-compressed-e1567439100300.jpg\" \/>\n\t<meta property=\"og:image:width\" content=\"2000\" \/>\n\t<meta property=\"og:image:height\" content=\"1200\" \/>\n\t<meta property=\"og:image:type\" content=\"image\/jpeg\" \/>\n<meta name=\"twitter:card\" content=\"summary_large_image\" \/>\n<meta name=\"twitter:label1\" content=\"Gesch\u00e4tzte Lesezeit\" \/>\n\t<meta name=\"twitter:data1\" content=\"1\u00a0Minute\" \/>\n<script type=\"application\/ld+json\" class=\"yoast-schema-graph\">{\"@context\":\"https:\/\/schema.org\",\"@graph\":[{\"@type\":\"WebPage\",\"@id\":\"https:\/\/jenspenz.de\/?page_id=60\",\"url\":\"https:\/\/jenspenz.de\/?page_id=60\",\"name\":\"LEISTUNG - Jens Penz IT-SERVICE\",\"isPartOf\":{\"@id\":\"https:\/\/jenspenz.de\/#website\"},\"datePublished\":\"2018-01-11T14:08:13+00:00\",\"dateModified\":\"2019-09-02T16:19:00+00:00\",\"breadcrumb\":{\"@id\":\"https:\/\/jenspenz.de\/?page_id=60#breadcrumb\"},\"inLanguage\":\"de\",\"potentialAction\":[{\"@type\":\"ReadAction\",\"target\":[\"https:\/\/jenspenz.de\/?page_id=60\"]}]},{\"@type\":\"BreadcrumbList\",\"@id\":\"https:\/\/jenspenz.de\/?page_id=60#breadcrumb\",\"itemListElement\":[{\"@type\":\"ListItem\",\"position\":1,\"name\":\"Startseite\",\"item\":\"https:\/\/jenspenz.de\/\"},{\"@type\":\"ListItem\",\"position\":2,\"name\":\"LEISTUNG\"}]},{\"@type\":\"WebSite\",\"@id\":\"https:\/\/jenspenz.de\/#website\",\"url\":\"https:\/\/jenspenz.de\/\",\"name\":\"Jens Penz IT-SERVICE\",\"description\":\"Ihr EDV-Partner- und Lieferant f\u00fcr Gewerbekunden aller Art.\",\"potentialAction\":[{\"@type\":\"SearchAction\",\"target\":{\"@type\":\"EntryPoint\",\"urlTemplate\":\"https:\/\/jenspenz.de\/?s={search_term_string}\"},\"query-input\":\"required name=search_term_string\"}],\"inLanguage\":\"de\"}]}<\/script>\n<!-- \/ Yoast SEO plugin. -->","yoast_head_json":{"title":"LEISTUNG - Jens Penz IT-SERVICE","robots":{"index":"index","follow":"follow","max-snippet":"max-snippet:-1","max-image-preview":"max-image-preview:large","max-video-preview":"max-video-preview:-1"},"canonical":"https:\/\/jenspenz.de\/?page_id=60","og_locale":"de_DE","og_type":"article","og_title":"LEISTUNG - Jens Penz IT-SERVICE","og_description":"EDV-Komplettservice: Das bedeutet komplette Betreuung rund im Ihre EDV mit nur einem Ansprechpartner. Mit unserem gro\u00dfen Partner- und Spezialisten-Netzwerk sind wir in der Lage, Ihnen nicht nur \u00e4u\u00dferst schnelle Reaktionszeiten sondern auch die gr\u00f6\u00dftm\u00f6gliche Kompetenz zu bieten. Sie planen ein umfangreiches IT-Projekt und suchen noch nach der optimal auf Ihr Unternehmen abgestimmten L\u00f6sung? Auf Basis &hellip; \u201eLEISTUNG\u201c weiterlesen","og_url":"https:\/\/jenspenz.de\/?page_id=60","og_site_name":"Jens Penz IT-SERVICE","article_modified_time":"2019-09-02T16:19:00+00:00","og_image":[{"width":2000,"height":1200,"url":"https:\/\/jenspenz.de\/wp-content\/uploads\/2019\/09\/Leistungen-compressed-e1567439100300.jpg","type":"image\/jpeg"}],"twitter_card":"summary_large_image","twitter_misc":{"Gesch\u00e4tzte Lesezeit":"1\u00a0Minute"},"schema":{"@context":"https:\/\/schema.org","@graph":[{"@type":"WebPage","@id":"https:\/\/jenspenz.de\/?page_id=60","url":"https:\/\/jenspenz.de\/?page_id=60","name":"LEISTUNG - Jens Penz IT-SERVICE","isPartOf":{"@id":"https:\/\/jenspenz.de\/#website"},"datePublished":"2018-01-11T14:08:13+00:00","dateModified":"2019-09-02T16:19:00+00:00","breadcrumb":{"@id":"https:\/\/jenspenz.de\/?page_id=60#breadcrumb"},"inLanguage":"de","potentialAction":[{"@type":"ReadAction","target":["https:\/\/jenspenz.de\/?page_id=60"]}]},{"@type":"BreadcrumbList","@id":"https:\/\/jenspenz.de\/?page_id=60#breadcrumb","itemListElement":[{"@type":"ListItem","position":1,"name":"Startseite","item":"https:\/\/jenspenz.de\/"},{"@type":"ListItem","position":2,"name":"LEISTUNG"}]},{"@type":"WebSite","@id":"https:\/\/jenspenz.de\/#website","url":"https:\/\/jenspenz.de\/","name":"Jens Penz IT-SERVICE","description":"Ihr EDV-Partner- und Lieferant f\u00fcr Gewerbekunden aller Art.","potentialAction":[{"@type":"SearchAction","target":{"@type":"EntryPoint","urlTemplate":"https:\/\/jenspenz.de\/?s={search_term_string}"},"query-input":"required name=search_term_string"}],"inLanguage":"de"}]}},"_links":{"self":[{"href":"https:\/\/jenspenz.de\/index.php?rest_route=\/wp\/v2\/pages\/60"}],"collection":[{"href":"https:\/\/jenspenz.de\/index.php?rest_route=\/wp\/v2\/pages"}],"about":[{"href":"https:\/\/jenspenz.de\/index.php?rest_route=\/wp\/v2\/types\/page"}],"author":[{"embeddable":true,"href":"https:\/\/jenspenz.de\/index.php?rest_route=\/wp\/v2\/users\/1"}],"replies":[{"embeddable":true,"href":"https:\/\/jenspenz.de\/index.php?rest_route=%2Fwp%2Fv2%2Fcomments&post=60"}],"version-history":[{"count":2,"href":"https:\/\/jenspenz.de\/index.php?rest_route=\/wp\/v2\/pages\/60\/revisions"}],"predecessor-version":[{"id":153,"href":"https:\/\/jenspenz.de\/index.php?rest_route=\/wp\/v2\/pages\/60\/revisions\/153"}],"wp:featuredmedia":[{"embeddable":true,"href":"https:\/\/jenspenz.de\/index.php?rest_route=\/wp\/v2\/media\/127"}],"wp:attachment":[{"href":"https:\/\/jenspenz.de\/index.php?rest_route=%2Fwp%2Fv2%2Fmedia&parent=60"}],"curies":[{"name":"wp","href":"https:\/\/api.w.org\/{rel}","templated":true}]}}