{"id":72,"date":"2018-01-11T15:11:02","date_gmt":"2018-01-11T14:11:02","guid":{"rendered":"http:\/\/jenspenz.de\/?page_id=72"},"modified":"2019-09-02T18:19:51","modified_gmt":"2019-09-02T16:19:51","slug":"wartung","status":"publish","type":"page","link":"https:\/\/jenspenz.de\/?page_id=72","title":{"rendered":"WARTUNG"},"content":{"rendered":"<p align=\"justify\">Aus Kostengr\u00fcnden m\u00fcssen Sie ohne eigenes IT-Personal auskommen, sind aber auf eine hochverf\u00fcgbare IT-Umgebung angewiesen?<br \/>\nDiesen Anforderungen m\u00f6chten wir gerecht werden und bieten Ihnen als kosteng\u00fcnstige Alternative, die st\u00e4ndige \u00dcberwachung und Wartung Ihrer IT-Struktur an. Diese Aufgaben werden sowohl Vor-Ort, als auch durch den Einsatz von Fernwartungsl\u00f6sungen durchgef\u00fchrt. Das erm\u00f6glicht in Problemf\u00e4llen eine schnelle und flexible L\u00f6sung von auftretenden Problemen.<\/p>\n<p>Im Rahmen einer einfachen Abrechnung bieten wir Ihnen die M\u00f6glichkeit, Servicepakete On-Demand zu buchen. Ihre Vorteile:<\/p>\n<ul>\n<li>keine festen Vertragslaufzeiten<\/li>\n<li>nur erbrachte Serviceleistungen werden abgerechnet<\/li>\n<li>get\u00e4tigte Leistungen k\u00f6nnen jederzeit abgefragt werden<\/li>\n<li class=\"w3l\">Rufbereitschaft, auf Wunsch 7 Tage\/24 Std.<\/li>\n<li class=\"w3l\">kurze Reaktionszeiten durch telefonische Entgegennahme Ihrer Meldung<\/li>\n<li class=\"w3l\">pr\u00e4ventive Wartung durch regelm\u00e4\u00dfige Analyse Ihrer Systeme<\/li>\n<li class=\"w3l\">Anpassungen Ihrer L\u00f6sung an neue Anforderungen<\/li>\n<li class=\"w3l\">Vor-Ort-Service<\/li>\n<\/ul>\n","protected":false},"excerpt":{"rendered":"<p>Aus Kostengr\u00fcnden m\u00fcssen Sie ohne eigenes IT-Personal auskommen, sind aber auf eine hochverf\u00fcgbare IT-Umgebung angewiesen? Diesen Anforderungen m\u00f6chten wir gerecht werden und bieten Ihnen als kosteng\u00fcnstige Alternative, die st\u00e4ndige \u00dcberwachung und Wartung Ihrer IT-Struktur an. Diese Aufgaben werden sowohl Vor-Ort, als auch durch den Einsatz von Fernwartungsl\u00f6sungen durchgef\u00fchrt. Das erm\u00f6glicht in Problemf\u00e4llen eine schnelle und &hellip; <\/p>\n<p class=\"link-more\"><a href=\"https:\/\/jenspenz.de\/?page_id=72\" class=\"more-link\"><span class=\"screen-reader-text\">\u201eWARTUNG\u201c <\/span>weiterlesen<\/a><\/p>\n","protected":false},"author":1,"featured_media":132,"parent":0,"menu_order":0,"comment_status":"closed","ping_status":"closed","template":"","meta":[],"yoast_head":"<!-- This site is optimized with the Yoast SEO plugin v19.13 - https:\/\/yoast.com\/wordpress\/plugins\/seo\/ -->\n<title>WARTUNG - Jens Penz IT-SERVICE<\/title>\n<meta name=\"robots\" content=\"index, follow, max-snippet:-1, max-image-preview:large, max-video-preview:-1\" \/>\n<link rel=\"canonical\" href=\"https:\/\/jenspenz.de\/?page_id=72\" \/>\n<meta property=\"og:locale\" content=\"de_DE\" \/>\n<meta property=\"og:type\" content=\"article\" \/>\n<meta property=\"og:title\" content=\"WARTUNG - Jens Penz IT-SERVICE\" \/>\n<meta property=\"og:description\" content=\"Aus Kostengr\u00fcnden m\u00fcssen Sie ohne eigenes IT-Personal auskommen, sind aber auf eine hochverf\u00fcgbare IT-Umgebung angewiesen? Diesen Anforderungen m\u00f6chten wir gerecht werden und bieten Ihnen als kosteng\u00fcnstige Alternative, die st\u00e4ndige \u00dcberwachung und Wartung Ihrer IT-Struktur an. Diese Aufgaben werden sowohl Vor-Ort, als auch durch den Einsatz von Fernwartungsl\u00f6sungen durchgef\u00fchrt. Das erm\u00f6glicht in Problemf\u00e4llen eine schnelle und &hellip; \u201eWARTUNG\u201c weiterlesen\" \/>\n<meta property=\"og:url\" content=\"https:\/\/jenspenz.de\/?page_id=72\" \/>\n<meta property=\"og:site_name\" content=\"Jens Penz IT-SERVICE\" \/>\n<meta property=\"article:modified_time\" content=\"2019-09-02T16:19:51+00:00\" \/>\n<meta property=\"og:image\" content=\"https:\/\/jenspenz.de\/wp-content\/uploads\/2019\/09\/Wartung-compressed-e1567439002535.jpg\" \/>\n\t<meta property=\"og:image:width\" content=\"2000\" \/>\n\t<meta property=\"og:image:height\" content=\"1200\" \/>\n\t<meta property=\"og:image:type\" content=\"image\/jpeg\" \/>\n<meta name=\"twitter:card\" content=\"summary_large_image\" \/>\n<meta name=\"twitter:label1\" content=\"Gesch\u00e4tzte Lesezeit\" \/>\n\t<meta name=\"twitter:data1\" content=\"1\u00a0Minute\" \/>\n<script type=\"application\/ld+json\" class=\"yoast-schema-graph\">{\"@context\":\"https:\/\/schema.org\",\"@graph\":[{\"@type\":\"WebPage\",\"@id\":\"https:\/\/jenspenz.de\/?page_id=72\",\"url\":\"https:\/\/jenspenz.de\/?page_id=72\",\"name\":\"WARTUNG - Jens Penz IT-SERVICE\",\"isPartOf\":{\"@id\":\"https:\/\/jenspenz.de\/#website\"},\"datePublished\":\"2018-01-11T14:11:02+00:00\",\"dateModified\":\"2019-09-02T16:19:51+00:00\",\"breadcrumb\":{\"@id\":\"https:\/\/jenspenz.de\/?page_id=72#breadcrumb\"},\"inLanguage\":\"de\",\"potentialAction\":[{\"@type\":\"ReadAction\",\"target\":[\"https:\/\/jenspenz.de\/?page_id=72\"]}]},{\"@type\":\"BreadcrumbList\",\"@id\":\"https:\/\/jenspenz.de\/?page_id=72#breadcrumb\",\"itemListElement\":[{\"@type\":\"ListItem\",\"position\":1,\"name\":\"Startseite\",\"item\":\"https:\/\/jenspenz.de\/\"},{\"@type\":\"ListItem\",\"position\":2,\"name\":\"WARTUNG\"}]},{\"@type\":\"WebSite\",\"@id\":\"https:\/\/jenspenz.de\/#website\",\"url\":\"https:\/\/jenspenz.de\/\",\"name\":\"Jens Penz IT-SERVICE\",\"description\":\"Ihr EDV-Partner- und Lieferant f\u00fcr Gewerbekunden aller Art.\",\"potentialAction\":[{\"@type\":\"SearchAction\",\"target\":{\"@type\":\"EntryPoint\",\"urlTemplate\":\"https:\/\/jenspenz.de\/?s={search_term_string}\"},\"query-input\":\"required name=search_term_string\"}],\"inLanguage\":\"de\"}]}<\/script>\n<!-- \/ Yoast SEO plugin. -->","yoast_head_json":{"title":"WARTUNG - Jens Penz IT-SERVICE","robots":{"index":"index","follow":"follow","max-snippet":"max-snippet:-1","max-image-preview":"max-image-preview:large","max-video-preview":"max-video-preview:-1"},"canonical":"https:\/\/jenspenz.de\/?page_id=72","og_locale":"de_DE","og_type":"article","og_title":"WARTUNG - Jens Penz IT-SERVICE","og_description":"Aus Kostengr\u00fcnden m\u00fcssen Sie ohne eigenes IT-Personal auskommen, sind aber auf eine hochverf\u00fcgbare IT-Umgebung angewiesen? Diesen Anforderungen m\u00f6chten wir gerecht werden und bieten Ihnen als kosteng\u00fcnstige Alternative, die st\u00e4ndige \u00dcberwachung und Wartung Ihrer IT-Struktur an. Diese Aufgaben werden sowohl Vor-Ort, als auch durch den Einsatz von Fernwartungsl\u00f6sungen durchgef\u00fchrt. Das erm\u00f6glicht in Problemf\u00e4llen eine schnelle und &hellip; \u201eWARTUNG\u201c weiterlesen","og_url":"https:\/\/jenspenz.de\/?page_id=72","og_site_name":"Jens Penz IT-SERVICE","article_modified_time":"2019-09-02T16:19:51+00:00","og_image":[{"width":2000,"height":1200,"url":"https:\/\/jenspenz.de\/wp-content\/uploads\/2019\/09\/Wartung-compressed-e1567439002535.jpg","type":"image\/jpeg"}],"twitter_card":"summary_large_image","twitter_misc":{"Gesch\u00e4tzte Lesezeit":"1\u00a0Minute"},"schema":{"@context":"https:\/\/schema.org","@graph":[{"@type":"WebPage","@id":"https:\/\/jenspenz.de\/?page_id=72","url":"https:\/\/jenspenz.de\/?page_id=72","name":"WARTUNG - Jens Penz IT-SERVICE","isPartOf":{"@id":"https:\/\/jenspenz.de\/#website"},"datePublished":"2018-01-11T14:11:02+00:00","dateModified":"2019-09-02T16:19:51+00:00","breadcrumb":{"@id":"https:\/\/jenspenz.de\/?page_id=72#breadcrumb"},"inLanguage":"de","potentialAction":[{"@type":"ReadAction","target":["https:\/\/jenspenz.de\/?page_id=72"]}]},{"@type":"BreadcrumbList","@id":"https:\/\/jenspenz.de\/?page_id=72#breadcrumb","itemListElement":[{"@type":"ListItem","position":1,"name":"Startseite","item":"https:\/\/jenspenz.de\/"},{"@type":"ListItem","position":2,"name":"WARTUNG"}]},{"@type":"WebSite","@id":"https:\/\/jenspenz.de\/#website","url":"https:\/\/jenspenz.de\/","name":"Jens Penz IT-SERVICE","description":"Ihr EDV-Partner- und Lieferant f\u00fcr Gewerbekunden aller Art.","potentialAction":[{"@type":"SearchAction","target":{"@type":"EntryPoint","urlTemplate":"https:\/\/jenspenz.de\/?s={search_term_string}"},"query-input":"required name=search_term_string"}],"inLanguage":"de"}]}},"_links":{"self":[{"href":"https:\/\/jenspenz.de\/index.php?rest_route=\/wp\/v2\/pages\/72"}],"collection":[{"href":"https:\/\/jenspenz.de\/index.php?rest_route=\/wp\/v2\/pages"}],"about":[{"href":"https:\/\/jenspenz.de\/index.php?rest_route=\/wp\/v2\/types\/page"}],"author":[{"embeddable":true,"href":"https:\/\/jenspenz.de\/index.php?rest_route=\/wp\/v2\/users\/1"}],"replies":[{"embeddable":true,"href":"https:\/\/jenspenz.de\/index.php?rest_route=%2Fwp%2Fv2%2Fcomments&post=72"}],"version-history":[{"count":2,"href":"https:\/\/jenspenz.de\/index.php?rest_route=\/wp\/v2\/pages\/72\/revisions"}],"predecessor-version":[{"id":157,"href":"https:\/\/jenspenz.de\/index.php?rest_route=\/wp\/v2\/pages\/72\/revisions\/157"}],"wp:featuredmedia":[{"embeddable":true,"href":"https:\/\/jenspenz.de\/index.php?rest_route=\/wp\/v2\/media\/132"}],"wp:attachment":[{"href":"https:\/\/jenspenz.de\/index.php?rest_route=%2Fwp%2Fv2%2Fmedia&parent=72"}],"curies":[{"name":"wp","href":"https:\/\/api.w.org\/{rel}","templated":true}]}}